{"id":3,"date":"2022-07-13T18:07:10","date_gmt":"2022-07-13T16:07:10","guid":{"rendered":"http:\/\/veltenkom.de\/wp2022\/?page_id=3"},"modified":"2022-08-09T17:45:48","modified_gmt":"2022-08-09T15:45:48","slug":"datenschutzerklaerung","status":"publish","type":"page","link":"http:\/\/veltenkom.de\/wp2022\/datenschutzerklaerung\/","title":{"rendered":"Datenschutzerkl\u00e4rung"},"content":{"rendered":"\n<h2 class=\"wp-block-heading\">Wer wir sind<\/h2>\n\n\n\n<p>Die Adresse unserer Website ist: http:\/\/veltenkom.de.<\/p>\n\n\n\n<p>Verantwortlicher im Sinne der Datenschutz-Grundverordnung, sonstiger in den Mitgliedstaaten der Europ\u00e4ischen Union geltenden Datenschutzgesetze und anderer Bestimmungen mit datenschutzrechtlichem Charakter ist<\/p>\n\n\n\n<div class=\"wp-block-group\"><div class=\"wp-block-group__inner-container is-layout-flow wp-block-group-is-layout-flow\">\n<p>J\u00fcrgen Velten<br>Nelkenweg 7<br>56581 Ehlscheid<br>info@veltenkom.de<\/p>\n<\/div><\/div>\n\n\n\n<h2 class=\"wp-block-heading\">Datensicherheit<\/h2>\n\n\n\n<p>Zur Gew\u00e4hrung der Datensicherheit erfolgt die \u00dcbertragung der Inhalte unserer Webseite verschl\u00fcsselt nach dem SSL Verfahren gem\u00e4\u00df dem Stand der Technik. Zur Sicherung der Daten werden von uns und den beauftragten Dienstleistern, mit denen entsprechende vertragliche Vereinbarungen getroffen wurden, geeignete Ma\u00dfnahmen nach dem Stand der Technik, insbesondere zur Beschr\u00e4nkung des Zugangs zu den Daten, zum Schutz gegen Ver\u00e4nderungen und Verlust, und zur Vertraulichkeit gem\u00e4\u00df dem Stand der Technik eingesetzt.<\/p>\n","protected":false},"excerpt":{"rendered":"<p>Wer wir sind Die Adresse unserer Website ist: http:\/\/veltenkom.de. Verantwortlicher im Sinne der Datenschutz-Grundverordnung, sonstiger in den Mitgliedstaaten der Europ\u00e4ischen Union geltenden Datenschutzgesetze und anderer Bestimmungen mit datenschutzrechtlichem Charakter ist J\u00fcrgen VeltenNelkenweg 756581 Ehlscheidinfo@veltenkom.de Datensicherheit Zur Gew\u00e4hrung der Datensicherheit erfolgt die \u00dcbertragung der Inhalte unserer Webseite verschl\u00fcsselt nach dem SSL Verfahren gem\u00e4\u00df dem Stand der &hellip; <\/p>\n<p class=\"link-more\"><a href=\"http:\/\/veltenkom.de\/wp2022\/datenschutzerklaerung\/\" class=\"more-link\"><span class=\"screen-reader-text\">\u201eDatenschutzerkl\u00e4rung\u201c <\/span>weiterlesen<\/a><\/p>\n","protected":false},"author":1,"featured_media":0,"parent":0,"menu_order":0,"comment_status":"closed","ping_status":"open","template":"","meta":{"footnotes":""},"class_list":["post-3","page","type-page","status-publish","hentry"],"jetpack_sharing_enabled":true,"_links":{"self":[{"href":"http:\/\/veltenkom.de\/wp2022\/wp-json\/wp\/v2\/pages\/3","targetHints":{"allow":["GET"]}}],"collection":[{"href":"http:\/\/veltenkom.de\/wp2022\/wp-json\/wp\/v2\/pages"}],"about":[{"href":"http:\/\/veltenkom.de\/wp2022\/wp-json\/wp\/v2\/types\/page"}],"author":[{"embeddable":true,"href":"http:\/\/veltenkom.de\/wp2022\/wp-json\/wp\/v2\/users\/1"}],"replies":[{"embeddable":true,"href":"http:\/\/veltenkom.de\/wp2022\/wp-json\/wp\/v2\/comments?post=3"}],"version-history":[{"count":4,"href":"http:\/\/veltenkom.de\/wp2022\/wp-json\/wp\/v2\/pages\/3\/revisions"}],"predecessor-version":[{"id":51,"href":"http:\/\/veltenkom.de\/wp2022\/wp-json\/wp\/v2\/pages\/3\/revisions\/51"}],"wp:attachment":[{"href":"http:\/\/veltenkom.de\/wp2022\/wp-json\/wp\/v2\/media?parent=3"}],"curies":[{"name":"wp","href":"https:\/\/api.w.org\/{rel}","templated":true}]}}